{"id":515,"date":"2019-04-15T12:51:41","date_gmt":"2019-04-15T16:51:41","guid":{"rendered":"https:\/\/consultingreal.com\/?page_id=515"},"modified":"2020-02-01T23:53:47","modified_gmt":"2020-02-02T04:53:47","slug":"comment-policy","status":"publish","type":"page","link":"https:\/\/consultingreal.com\/es\/comment-policy\/","title":{"rendered":"Pol\u00edtica de comentarios"},"content":{"rendered":"<p>El sitio Consulting Real tiene una agenda de datos y una discusi\u00f3n sobre los temas que frecuentemente se publican en el blog. Participar en un acompa\u00f1amiento como condici\u00f3n de continuidad de conducta. Como las reglas aqu\u00ed est\u00e1n relacionadas, solo los principios de moralidad, \u00e9tica y dos buenas naturalezas. Enviar correos electr\u00f3nicos y enviar comentarios de car\u00e1cter publicitario; Hacerse pasar por la otra persona, empresa o instituci\u00f3n; Publicar material pornogr\u00e1fico, racista, discriminatorio u ofensivo de calidad natural contra el p\u00fablico, empresas o instituciones; Publicar material que fomente la pedofilia y\/o explotaci\u00f3n de menores; Publicaci\u00f3n de informaci\u00f3n sobre actividades ileg\u00edtimas e incitaci\u00f3n a cometer delitos; OTROS COMENTARIOS CONTIN\u00daAN CON OBJETIVOS PARA ENFRENTAR UNA LISTA DE COMENTARIOS M\u00c1S CORTA; Publicar comentarios que no concuerden con el tema no se ven ni se exponen (fuera del tema); Publicar comentarios vac\u00edos de argumentos, o con el prop\u00f3sito de entablar una discusi\u00f3n sobre el prop\u00f3sito del portal; Utilizar el sistema de comentarios para participar en actividades comerciales del sello; Participar en alguna actividad cinematogr\u00e1fica prohibida por la ley; Participar en la predicaci\u00f3n religiosa. Reproducir en avisos de difusi\u00f3n en otros medios o con exclusiva y total responsabilidad de todos los componentes de la presencia de su blog. Los comentarios no son fijos, no se considera ning\u00fan sitio. Real Matters se reserva el derecho de registrar que los activos negativos de una imagen del sitio pueden ser \u00fatiles judicialmente contra sus administradores y editores. Cualquier comentario puede ser enviado sin previo aviso, revisi\u00f3n exclusiva por parte de la administraci\u00f3n del sitio. Esta solicitud podr\u00e1 realizarse en cualquier momento, previo aviso. Recomendamos su conferencia peri\u00f3dicamente.<\/p>","protected":false},"excerpt":{"rendered":"<p>The website Consulting Real has a data agenda and a discussion on the topics that are often published on the<\/p>","protected":false},"author":1,"featured_media":0,"parent":0,"menu_order":0,"comment_status":"closed","ping_status":"closed","template":"","meta":{"colormag_page_container_layout":"default_layout","colormag_page_sidebar_layout":"default_layout","footnotes":""},"class_list":["post-515","page","type-page","status-publish","hentry"],"yoast_head":"<!-- This site is optimized with the Yoast SEO plugin v27.4 - https:\/\/yoast.com\/product\/yoast-seo-wordpress\/ -->\n<title>Comment Policy - Consulting Real<\/title>\n<meta name=\"robots\" content=\"index, follow, max-snippet:-1, max-image-preview:large, max-video-preview:-1\" \/>\n<link rel=\"canonical\" href=\"https:\/\/consultingreal.com\/es\/comment-policy\/\" \/>\n<meta property=\"og:locale\" content=\"es_ES\" \/>\n<meta property=\"og:type\" content=\"article\" \/>\n<meta property=\"og:title\" content=\"Comment Policy - Consulting Real\" \/>\n<meta property=\"og:description\" content=\"The website Consulting Real has a data agenda and a discussion on the topics that are often published on the\" \/>\n<meta property=\"og:url\" content=\"https:\/\/consultingreal.com\/es\/comment-policy\/\" \/>\n<meta property=\"og:site_name\" content=\"Consulting Real\" \/>\n<meta property=\"article:modified_time\" content=\"2020-02-02T04:53:47+00:00\" \/>\n<meta name=\"twitter:card\" content=\"summary_large_image\" \/>\n<meta name=\"twitter:label1\" content=\"Tiempo de lectura\" \/>\n\t<meta name=\"twitter:data1\" content=\"1 minuto\" \/>\n<script type=\"application\/ld+json\" class=\"yoast-schema-graph\">{\"@context\":\"https:\\\/\\\/schema.org\",\"@graph\":[{\"@type\":\"WebPage\",\"@id\":\"https:\\\/\\\/consultingreal.com\\\/comment-policy\\\/\",\"url\":\"https:\\\/\\\/consultingreal.com\\\/comment-policy\\\/\",\"name\":\"Comment Policy - Consulting Real\",\"isPartOf\":{\"@id\":\"https:\\\/\\\/consultingreal.com\\\/#website\"},\"datePublished\":\"2019-04-15T16:51:41+00:00\",\"dateModified\":\"2020-02-02T04:53:47+00:00\",\"breadcrumb\":{\"@id\":\"https:\\\/\\\/consultingreal.com\\\/comment-policy\\\/#breadcrumb\"},\"inLanguage\":\"es\",\"potentialAction\":[{\"@type\":\"ReadAction\",\"target\":[\"https:\\\/\\\/consultingreal.com\\\/comment-policy\\\/\"]}]},{\"@type\":\"BreadcrumbList\",\"@id\":\"https:\\\/\\\/consultingreal.com\\\/comment-policy\\\/#breadcrumb\",\"itemListElement\":[{\"@type\":\"ListItem\",\"position\":1,\"name\":\"Home\",\"item\":\"https:\\\/\\\/consultingreal.com\\\/\"},{\"@type\":\"ListItem\",\"position\":2,\"name\":\"Comment Policy\"}]},{\"@type\":\"WebSite\",\"@id\":\"https:\\\/\\\/consultingreal.com\\\/#website\",\"url\":\"https:\\\/\\\/consultingreal.com\\\/\",\"name\":\"Consulting Real\",\"description\":\"Consulting Real\",\"publisher\":{\"@id\":\"https:\\\/\\\/consultingreal.com\\\/#organization\"},\"potentialAction\":[{\"@type\":\"SearchAction\",\"target\":{\"@type\":\"EntryPoint\",\"urlTemplate\":\"https:\\\/\\\/consultingreal.com\\\/?s={search_term_string}\"},\"query-input\":{\"@type\":\"PropertyValueSpecification\",\"valueRequired\":true,\"valueName\":\"search_term_string\"}}],\"inLanguage\":\"es\"},{\"@type\":\"Organization\",\"@id\":\"https:\\\/\\\/consultingreal.com\\\/#organization\",\"name\":\"Consulting Real\",\"url\":\"https:\\\/\\\/consultingreal.com\\\/\",\"logo\":{\"@type\":\"ImageObject\",\"inLanguage\":\"es\",\"@id\":\"https:\\\/\\\/consultingreal.com\\\/#\\\/schema\\\/logo\\\/image\\\/\",\"url\":\"https:\\\/\\\/consultingreal.com\\\/wp-content\\\/uploads\\\/2019\\\/04\\\/cropped-WhatsApp-Image-2019-04-22-at-12.56.41.jpeg\",\"contentUrl\":\"https:\\\/\\\/consultingreal.com\\\/wp-content\\\/uploads\\\/2019\\\/04\\\/cropped-WhatsApp-Image-2019-04-22-at-12.56.41.jpeg\",\"width\":300,\"height\":90,\"caption\":\"Consulting Real\"},\"image\":{\"@id\":\"https:\\\/\\\/consultingreal.com\\\/#\\\/schema\\\/logo\\\/image\\\/\"}}]}<\/script>\n<!-- \/ Yoast SEO plugin. -->","yoast_head_json":{"title":"Comment Policy - Consulting Real","robots":{"index":"index","follow":"follow","max-snippet":"max-snippet:-1","max-image-preview":"max-image-preview:large","max-video-preview":"max-video-preview:-1"},"canonical":"https:\/\/consultingreal.com\/es\/comment-policy\/","og_locale":"es_ES","og_type":"article","og_title":"Comment Policy - Consulting Real","og_description":"The website Consulting Real has a data agenda and a discussion on the topics that are often published on the","og_url":"https:\/\/consultingreal.com\/es\/comment-policy\/","og_site_name":"Consulting Real","article_modified_time":"2020-02-02T04:53:47+00:00","twitter_card":"summary_large_image","twitter_misc":{"Tiempo de lectura":"1 minuto"},"schema":{"@context":"https:\/\/schema.org","@graph":[{"@type":"WebPage","@id":"https:\/\/consultingreal.com\/comment-policy\/","url":"https:\/\/consultingreal.com\/comment-policy\/","name":"Comment Policy - Consulting Real","isPartOf":{"@id":"https:\/\/consultingreal.com\/#website"},"datePublished":"2019-04-15T16:51:41+00:00","dateModified":"2020-02-02T04:53:47+00:00","breadcrumb":{"@id":"https:\/\/consultingreal.com\/comment-policy\/#breadcrumb"},"inLanguage":"es","potentialAction":[{"@type":"ReadAction","target":["https:\/\/consultingreal.com\/comment-policy\/"]}]},{"@type":"BreadcrumbList","@id":"https:\/\/consultingreal.com\/comment-policy\/#breadcrumb","itemListElement":[{"@type":"ListItem","position":1,"name":"Home","item":"https:\/\/consultingreal.com\/"},{"@type":"ListItem","position":2,"name":"Comment Policy"}]},{"@type":"WebSite","@id":"https:\/\/consultingreal.com\/#website","url":"https:\/\/consultingreal.com\/","name":"Consultor\u00eda real","description":"Consultor\u00eda real","publisher":{"@id":"https:\/\/consultingreal.com\/#organization"},"potentialAction":[{"@type":"SearchAction","target":{"@type":"EntryPoint","urlTemplate":"https:\/\/consultingreal.com\/?s={search_term_string}"},"query-input":{"@type":"PropertyValueSpecification","valueRequired":true,"valueName":"search_term_string"}}],"inLanguage":"es"},{"@type":"Organization","@id":"https:\/\/consultingreal.com\/#organization","name":"Consultor\u00eda real","url":"https:\/\/consultingreal.com\/","logo":{"@type":"ImageObject","inLanguage":"es","@id":"https:\/\/consultingreal.com\/#\/schema\/logo\/image\/","url":"https:\/\/consultingreal.com\/wp-content\/uploads\/2019\/04\/cropped-WhatsApp-Image-2019-04-22-at-12.56.41.jpeg","contentUrl":"https:\/\/consultingreal.com\/wp-content\/uploads\/2019\/04\/cropped-WhatsApp-Image-2019-04-22-at-12.56.41.jpeg","width":300,"height":90,"caption":"Consulting Real"},"image":{"@id":"https:\/\/consultingreal.com\/#\/schema\/logo\/image\/"}}]}},"_links":{"self":[{"href":"https:\/\/consultingreal.com\/es\/wp-json\/wp\/v2\/pages\/515","targetHints":{"allow":["GET"]}}],"collection":[{"href":"https:\/\/consultingreal.com\/es\/wp-json\/wp\/v2\/pages"}],"about":[{"href":"https:\/\/consultingreal.com\/es\/wp-json\/wp\/v2\/types\/page"}],"author":[{"embeddable":true,"href":"https:\/\/consultingreal.com\/es\/wp-json\/wp\/v2\/users\/1"}],"replies":[{"embeddable":true,"href":"https:\/\/consultingreal.com\/es\/wp-json\/wp\/v2\/comments?post=515"}],"version-history":[{"count":1,"href":"https:\/\/consultingreal.com\/es\/wp-json\/wp\/v2\/pages\/515\/revisions"}],"predecessor-version":[{"id":517,"href":"https:\/\/consultingreal.com\/es\/wp-json\/wp\/v2\/pages\/515\/revisions\/517"}],"wp:attachment":[{"href":"https:\/\/consultingreal.com\/es\/wp-json\/wp\/v2\/media?parent=515"}],"curies":[{"name":"wp","href":"https:\/\/api.w.org\/{rel}","templated":true}]}}