{"id":518,"date":"2019-04-15T12:57:22","date_gmt":"2019-04-15T16:57:22","guid":{"rendered":"https:\/\/consultingreal.com\/?page_id=518"},"modified":"2019-04-20T10:13:11","modified_gmt":"2019-04-20T14:13:11","slug":"privacy-policy","status":"publish","type":"page","link":"https:\/\/consultingreal.com\/es\/privacy-policy\/","title":{"rendered":"Pol\u00edtica de privacidad"},"content":{"rendered":"<p>Toda su informaci\u00f3n personal recopilada se utilizar\u00e1 para ayudar a que su visita a nuestro sitio sea lo m\u00e1s productiva y agradable posible. La garant\u00eda de la confidencialidad de los datos personales de los usuarios de nuestro sitio es importante para nuestro sitio web. Toda la informaci\u00f3n personal relativa a miembros, suscriptores, clientes o visitantes que utilicen nuestro sitio web ser\u00e1 tratada de acuerdo con la Ley de Protecci\u00f3n de Datos Personales del 26 de octubre de 1998 (Ley n\u00ba 67\/98).<\/p>\n<p>La informaci\u00f3n personal recopilada puede incluir su nombre, direcci\u00f3n de correo electr\u00f3nico, n\u00famero de tel\u00e9fono y\/o n\u00famero de tel\u00e9fono m\u00f3vil, direcci\u00f3n, fecha de nacimiento y\/u otros. El uso de nuestro sitio web supone la aceptaci\u00f3n de este Acuerdo de Privacidad. El personal de nuestro sitio web se reserva el derecho de cambiar este acuerdo sin previo aviso. Por ello, te recomendamos que revises nuestra pol\u00edtica de privacidad peri\u00f3dicamente para estar siempre actualizada.<\/p>\n<p>&nbsp;<\/p>\n<p><strong>Los anuncios<\/strong><\/p>\n<p>Al igual que otros sitios web, recopilamos y utilizamos informaci\u00f3n contenida en los anuncios. La informaci\u00f3n contenida en los anuncios incluye su direcci\u00f3n de Protocolo de Internet (IP), su ISP (proveedor de servicios de Internet, como Sapo, Clix u otro), el navegador que utiliz\u00f3 al visitar nuestro sitio web (como Internet Explorer o Firefox), el hora de su visita y qu\u00e9 p\u00e1ginas visit\u00f3 dentro de nuestro sitio web.<\/p>\n<p><strong>Dardo DoubleClick de galleta <\/strong><\/p>\n<p>Google, como proveedor externo, utiliza cookies para mostrar anuncios en nuestro sitio web; Con la cookie DART, Google puede mostrar anuncios basados en las visitas que el lector realiza a otros sitios web en Internet; Los usuarios pueden desactivar la cookie de DART visitando la Red de contenido y la Pol\u00edtica de privacidad de Google Ads.<\/p>\n<p><strong>Cookies y balizas web <\/strong><\/p>\n<p>Utilizamos cookies para almacenar informaci\u00f3n, como sus preferencias personales al visitar nuestro sitio web. Esto puede incluir una ventana emergente simple o un enlace a los diversos servicios que brindamos, como foros. Adem\u00e1s, tambi\u00e9n utilizamos publicidad de terceros en nuestro sitio web para cubrir los costos de mantenimiento. Algunos de estos anunciantes pueden utilizar tecnolog\u00edas como cookies y\/o web beacons cuando se anuncian en nuestro sitio web, lo que har\u00e1 que estos anunciantes (como Google a trav\u00e9s de Google AdSense) tambi\u00e9n reciban su informaci\u00f3n personal, como su direcci\u00f3n IP, su ISP, su navegador, etc. Esta funci\u00f3n se utiliza generalmente para orientaci\u00f3n geogr\u00e1fica (mostrar publicidad de Lisboa solo a lectores de Lisboa, por ejemplo) o mostrar publicidad dirigida a un tipo de usuario (como mostrar publicidad de restaurantes a un usuario que visita sitios culinarios con regularidad). Usted tiene la facultad de desactivar sus cookies, en las opciones de su navegador, o realizando cambios en las herramientas de los programas Antivirus, como Norton Internet Security. Sin embargo, esto puede cambiar la forma en que interact\u00faa con nuestro sitio web u otros sitios web. Esto puede afectar o no su capacidad para iniciar sesi\u00f3n en programas, sitios web o foros de nuestra red y de otras.<\/p>\n<p>&nbsp;<\/p>\n<p><strong>Enlaces a sitios de terceros<\/strong><\/p>\n<p>Nuestro sitio web tiene enlaces a otros sitios que creemos que pueden contener informaci\u00f3n\/herramientas \u00fatiles para nuestros visitantes. Nuestra pol\u00edtica de privacidad no se aplica a sitios de terceros, por lo que si visita otro sitio de nuestro sitio web deber\u00e1 leer la pol\u00edtica de privacidad del mismo. No somos responsables de la pol\u00edtica de privacidad o el contenido presente en esos mismos sitios.<\/p>","protected":false},"excerpt":{"rendered":"<p>All your personal information collected will be used to help make your visit to our site as productive and enjoyable<\/p>","protected":false},"author":1,"featured_media":0,"parent":0,"menu_order":0,"comment_status":"closed","ping_status":"closed","template":"","meta":{"colormag_page_container_layout":"default_layout","colormag_page_sidebar_layout":"default_layout","footnotes":""},"class_list":["post-518","page","type-page","status-publish","hentry"],"yoast_head":"<!-- This site is optimized with the Yoast SEO plugin v27.4 - https:\/\/yoast.com\/product\/yoast-seo-wordpress\/ -->\n<title>Privacy policy - Consulting Real<\/title>\n<meta name=\"robots\" content=\"index, follow, max-snippet:-1, max-image-preview:large, max-video-preview:-1\" \/>\n<link rel=\"canonical\" href=\"https:\/\/consultingreal.com\/es\/privacy-policy\/\" \/>\n<meta property=\"og:locale\" content=\"es_ES\" \/>\n<meta property=\"og:type\" content=\"article\" \/>\n<meta property=\"og:title\" content=\"Privacy policy - Consulting Real\" \/>\n<meta property=\"og:description\" content=\"All your personal information collected will be used to help make your visit to our site as productive and enjoyable\" \/>\n<meta property=\"og:url\" content=\"https:\/\/consultingreal.com\/es\/privacy-policy\/\" \/>\n<meta property=\"og:site_name\" content=\"Consulting Real\" \/>\n<meta property=\"article:modified_time\" content=\"2019-04-20T14:13:11+00:00\" \/>\n<meta name=\"twitter:card\" content=\"summary_large_image\" \/>\n<meta name=\"twitter:label1\" content=\"Tiempo de lectura\" \/>\n\t<meta name=\"twitter:data1\" content=\"3 minutos\" \/>\n<script type=\"application\/ld+json\" class=\"yoast-schema-graph\">{\"@context\":\"https:\\\/\\\/schema.org\",\"@graph\":[{\"@type\":\"WebPage\",\"@id\":\"https:\\\/\\\/consultingreal.com\\\/privacy-policy\\\/\",\"url\":\"https:\\\/\\\/consultingreal.com\\\/privacy-policy\\\/\",\"name\":\"Privacy policy - Consulting Real\",\"isPartOf\":{\"@id\":\"https:\\\/\\\/consultingreal.com\\\/#website\"},\"datePublished\":\"2019-04-15T16:57:22+00:00\",\"dateModified\":\"2019-04-20T14:13:11+00:00\",\"breadcrumb\":{\"@id\":\"https:\\\/\\\/consultingreal.com\\\/privacy-policy\\\/#breadcrumb\"},\"inLanguage\":\"es\",\"potentialAction\":[{\"@type\":\"ReadAction\",\"target\":[\"https:\\\/\\\/consultingreal.com\\\/privacy-policy\\\/\"]}]},{\"@type\":\"BreadcrumbList\",\"@id\":\"https:\\\/\\\/consultingreal.com\\\/privacy-policy\\\/#breadcrumb\",\"itemListElement\":[{\"@type\":\"ListItem\",\"position\":1,\"name\":\"Home\",\"item\":\"https:\\\/\\\/consultingreal.com\\\/\"},{\"@type\":\"ListItem\",\"position\":2,\"name\":\"Privacy policy\"}]},{\"@type\":\"WebSite\",\"@id\":\"https:\\\/\\\/consultingreal.com\\\/#website\",\"url\":\"https:\\\/\\\/consultingreal.com\\\/\",\"name\":\"Consulting Real\",\"description\":\"Consulting Real\",\"publisher\":{\"@id\":\"https:\\\/\\\/consultingreal.com\\\/#organization\"},\"potentialAction\":[{\"@type\":\"SearchAction\",\"target\":{\"@type\":\"EntryPoint\",\"urlTemplate\":\"https:\\\/\\\/consultingreal.com\\\/?s={search_term_string}\"},\"query-input\":{\"@type\":\"PropertyValueSpecification\",\"valueRequired\":true,\"valueName\":\"search_term_string\"}}],\"inLanguage\":\"es\"},{\"@type\":\"Organization\",\"@id\":\"https:\\\/\\\/consultingreal.com\\\/#organization\",\"name\":\"Consulting Real\",\"url\":\"https:\\\/\\\/consultingreal.com\\\/\",\"logo\":{\"@type\":\"ImageObject\",\"inLanguage\":\"es\",\"@id\":\"https:\\\/\\\/consultingreal.com\\\/#\\\/schema\\\/logo\\\/image\\\/\",\"url\":\"https:\\\/\\\/consultingreal.com\\\/wp-content\\\/uploads\\\/2019\\\/04\\\/cropped-WhatsApp-Image-2019-04-22-at-12.56.41.jpeg\",\"contentUrl\":\"https:\\\/\\\/consultingreal.com\\\/wp-content\\\/uploads\\\/2019\\\/04\\\/cropped-WhatsApp-Image-2019-04-22-at-12.56.41.jpeg\",\"width\":300,\"height\":90,\"caption\":\"Consulting Real\"},\"image\":{\"@id\":\"https:\\\/\\\/consultingreal.com\\\/#\\\/schema\\\/logo\\\/image\\\/\"}}]}<\/script>\n<!-- \/ Yoast SEO plugin. -->","yoast_head_json":{"title":"Privacy policy - Consulting Real","robots":{"index":"index","follow":"follow","max-snippet":"max-snippet:-1","max-image-preview":"max-image-preview:large","max-video-preview":"max-video-preview:-1"},"canonical":"https:\/\/consultingreal.com\/es\/privacy-policy\/","og_locale":"es_ES","og_type":"article","og_title":"Privacy policy - Consulting Real","og_description":"All your personal information collected will be used to help make your visit to our site as productive and enjoyable","og_url":"https:\/\/consultingreal.com\/es\/privacy-policy\/","og_site_name":"Consulting Real","article_modified_time":"2019-04-20T14:13:11+00:00","twitter_card":"summary_large_image","twitter_misc":{"Tiempo de lectura":"3 minutos"},"schema":{"@context":"https:\/\/schema.org","@graph":[{"@type":"WebPage","@id":"https:\/\/consultingreal.com\/privacy-policy\/","url":"https:\/\/consultingreal.com\/privacy-policy\/","name":"Privacy policy - Consulting Real","isPartOf":{"@id":"https:\/\/consultingreal.com\/#website"},"datePublished":"2019-04-15T16:57:22+00:00","dateModified":"2019-04-20T14:13:11+00:00","breadcrumb":{"@id":"https:\/\/consultingreal.com\/privacy-policy\/#breadcrumb"},"inLanguage":"es","potentialAction":[{"@type":"ReadAction","target":["https:\/\/consultingreal.com\/privacy-policy\/"]}]},{"@type":"BreadcrumbList","@id":"https:\/\/consultingreal.com\/privacy-policy\/#breadcrumb","itemListElement":[{"@type":"ListItem","position":1,"name":"Home","item":"https:\/\/consultingreal.com\/"},{"@type":"ListItem","position":2,"name":"Privacy policy"}]},{"@type":"WebSite","@id":"https:\/\/consultingreal.com\/#website","url":"https:\/\/consultingreal.com\/","name":"Consultor\u00eda real","description":"Consultor\u00eda real","publisher":{"@id":"https:\/\/consultingreal.com\/#organization"},"potentialAction":[{"@type":"SearchAction","target":{"@type":"EntryPoint","urlTemplate":"https:\/\/consultingreal.com\/?s={search_term_string}"},"query-input":{"@type":"PropertyValueSpecification","valueRequired":true,"valueName":"search_term_string"}}],"inLanguage":"es"},{"@type":"Organization","@id":"https:\/\/consultingreal.com\/#organization","name":"Consultor\u00eda real","url":"https:\/\/consultingreal.com\/","logo":{"@type":"ImageObject","inLanguage":"es","@id":"https:\/\/consultingreal.com\/#\/schema\/logo\/image\/","url":"https:\/\/consultingreal.com\/wp-content\/uploads\/2019\/04\/cropped-WhatsApp-Image-2019-04-22-at-12.56.41.jpeg","contentUrl":"https:\/\/consultingreal.com\/wp-content\/uploads\/2019\/04\/cropped-WhatsApp-Image-2019-04-22-at-12.56.41.jpeg","width":300,"height":90,"caption":"Consulting Real"},"image":{"@id":"https:\/\/consultingreal.com\/#\/schema\/logo\/image\/"}}]}},"_links":{"self":[{"href":"https:\/\/consultingreal.com\/es\/wp-json\/wp\/v2\/pages\/518","targetHints":{"allow":["GET"]}}],"collection":[{"href":"https:\/\/consultingreal.com\/es\/wp-json\/wp\/v2\/pages"}],"about":[{"href":"https:\/\/consultingreal.com\/es\/wp-json\/wp\/v2\/types\/page"}],"author":[{"embeddable":true,"href":"https:\/\/consultingreal.com\/es\/wp-json\/wp\/v2\/users\/1"}],"replies":[{"embeddable":true,"href":"https:\/\/consultingreal.com\/es\/wp-json\/wp\/v2\/comments?post=518"}],"version-history":[{"count":1,"href":"https:\/\/consultingreal.com\/es\/wp-json\/wp\/v2\/pages\/518\/revisions"}],"predecessor-version":[{"id":520,"href":"https:\/\/consultingreal.com\/es\/wp-json\/wp\/v2\/pages\/518\/revisions\/520"}],"wp:attachment":[{"href":"https:\/\/consultingreal.com\/es\/wp-json\/wp\/v2\/media?parent=518"}],"curies":[{"name":"wp","href":"https:\/\/api.w.org\/{rel}","templated":true}]}}