{"id":515,"date":"2019-04-15T12:51:41","date_gmt":"2019-04-15T16:51:41","guid":{"rendered":"https:\/\/consultingreal.com\/?page_id=515"},"modified":"2020-02-01T23:53:47","modified_gmt":"2020-02-02T04:53:47","slug":"comment-policy","status":"publish","type":"page","link":"https:\/\/consultingreal.com\/pt\/comment-policy\/","title":{"rendered":"Pol\u00edtica de coment\u00e1rios"},"content":{"rendered":"<p>O site Consulting Real possui uma agenda de dados e discuss\u00e3o sobre os temas que s\u00e3o frequentemente publicados no blog. Participar de um acompanhamento como condi\u00e7\u00e3o de continuidade da conduta. Como as regras aqui est\u00e3o relacionadas, apenas princ\u00edpios de moralidade, \u00e9tica e dois bons costumes. Enviar email e enviar coment\u00e1rios de natureza publicit\u00e1ria; Passar-se por outra pessoa, empresa ou institui\u00e7\u00e3o; Publicar material pornogr\u00e1fico, racista, discriminat\u00f3rio ou ofensivo de qualidade natural contra o p\u00fablico, empresas ou institui\u00e7\u00f5es; Publicar material que incentive a pedofilia e\/ou explora\u00e7\u00e3o de menores; Publica\u00e7\u00e3o de informa\u00e7\u00f5es sobre atividades ileg\u00edtimas e incita\u00e7\u00e3o a crimes; OUTROS COMENT\u00c1RIOS CONTINUAM AOS OBJETIVOS PARA ENFRENTAR UMA LISTA DE COMENT\u00c1RIOS MAIS CURTA; Postar coment\u00e1rios que n\u00e3o concordam com o assunto n\u00e3o \u00e9 visto ou exposto (fora do t\u00f3pico); Publicar coment\u00e1rios vazios de argumentos, ou com o prop\u00f3sito de iniciar uma discuss\u00e3o sobre a finalidade do portal; Utilizar o sistema de coment\u00e1rios para participar das atividades comerciais do selo; Envolver-se em alguma atividade cinematogr\u00e1fica proibida por lei; Envolva-se na prega\u00e7\u00e3o religiosa. Reproduzir em avisos de divulga\u00e7\u00e3o em outros meios de comunica\u00e7\u00e3o ou com \u00fanica e total responsabilidade por todos os componentes da presen\u00e7a do seu blog. Os coment\u00e1rios n\u00e3o s\u00e3o fixos, nenhum site \u00e9 considerado. A Real Matters reserva-se o direito de registrar que ativos negativos para uma imagem do site poder\u00e3o ter utilidade judicial contra seus administradores e editores. Qualquer coment\u00e1rio poder\u00e1 ser enviado sem aviso pr\u00e9vio, revis\u00e3o exclusiva por parte da administra\u00e7\u00e3o do site. Essa solicita\u00e7\u00e3o pode ser feita a qualquer momento, aviso pr\u00e9vio. Recomendamos sua palestra periodicamente<\/p>","protected":false},"excerpt":{"rendered":"<p>The website Consulting Real has a data agenda and a discussion on the topics that are often published on the<\/p>","protected":false},"author":1,"featured_media":0,"parent":0,"menu_order":0,"comment_status":"closed","ping_status":"closed","template":"","meta":{"colormag_page_container_layout":"default_layout","colormag_page_sidebar_layout":"default_layout","footnotes":""},"class_list":["post-515","page","type-page","status-publish","hentry"],"yoast_head":"<!-- This site is optimized with the Yoast SEO plugin v27.4 - https:\/\/yoast.com\/product\/yoast-seo-wordpress\/ -->\n<title>Comment Policy - Consulting Real<\/title>\n<meta name=\"robots\" content=\"index, follow, max-snippet:-1, max-image-preview:large, max-video-preview:-1\" \/>\n<link rel=\"canonical\" href=\"https:\/\/consultingreal.com\/pt\/comment-policy\/\" \/>\n<meta property=\"og:locale\" content=\"pt_BR\" \/>\n<meta property=\"og:type\" content=\"article\" \/>\n<meta property=\"og:title\" content=\"Comment Policy - Consulting Real\" \/>\n<meta property=\"og:description\" content=\"The website Consulting Real has a data agenda and a discussion on the topics that are often published on the\" \/>\n<meta property=\"og:url\" content=\"https:\/\/consultingreal.com\/pt\/comment-policy\/\" \/>\n<meta property=\"og:site_name\" content=\"Consulting Real\" \/>\n<meta property=\"article:modified_time\" content=\"2020-02-02T04:53:47+00:00\" \/>\n<meta name=\"twitter:card\" content=\"summary_large_image\" \/>\n<meta name=\"twitter:label1\" content=\"Est. tempo de leitura\" \/>\n\t<meta name=\"twitter:data1\" content=\"1 minuto\" \/>\n<script type=\"application\/ld+json\" class=\"yoast-schema-graph\">{\"@context\":\"https:\\\/\\\/schema.org\",\"@graph\":[{\"@type\":\"WebPage\",\"@id\":\"https:\\\/\\\/consultingreal.com\\\/comment-policy\\\/\",\"url\":\"https:\\\/\\\/consultingreal.com\\\/comment-policy\\\/\",\"name\":\"Comment Policy - Consulting Real\",\"isPartOf\":{\"@id\":\"https:\\\/\\\/consultingreal.com\\\/#website\"},\"datePublished\":\"2019-04-15T16:51:41+00:00\",\"dateModified\":\"2020-02-02T04:53:47+00:00\",\"breadcrumb\":{\"@id\":\"https:\\\/\\\/consultingreal.com\\\/comment-policy\\\/#breadcrumb\"},\"inLanguage\":\"pt-BR\",\"potentialAction\":[{\"@type\":\"ReadAction\",\"target\":[\"https:\\\/\\\/consultingreal.com\\\/comment-policy\\\/\"]}]},{\"@type\":\"BreadcrumbList\",\"@id\":\"https:\\\/\\\/consultingreal.com\\\/comment-policy\\\/#breadcrumb\",\"itemListElement\":[{\"@type\":\"ListItem\",\"position\":1,\"name\":\"Home\",\"item\":\"https:\\\/\\\/consultingreal.com\\\/\"},{\"@type\":\"ListItem\",\"position\":2,\"name\":\"Comment Policy\"}]},{\"@type\":\"WebSite\",\"@id\":\"https:\\\/\\\/consultingreal.com\\\/#website\",\"url\":\"https:\\\/\\\/consultingreal.com\\\/\",\"name\":\"Consulting Real\",\"description\":\"Consulting Real\",\"publisher\":{\"@id\":\"https:\\\/\\\/consultingreal.com\\\/#organization\"},\"potentialAction\":[{\"@type\":\"SearchAction\",\"target\":{\"@type\":\"EntryPoint\",\"urlTemplate\":\"https:\\\/\\\/consultingreal.com\\\/?s={search_term_string}\"},\"query-input\":{\"@type\":\"PropertyValueSpecification\",\"valueRequired\":true,\"valueName\":\"search_term_string\"}}],\"inLanguage\":\"pt-BR\"},{\"@type\":\"Organization\",\"@id\":\"https:\\\/\\\/consultingreal.com\\\/#organization\",\"name\":\"Consulting Real\",\"url\":\"https:\\\/\\\/consultingreal.com\\\/\",\"logo\":{\"@type\":\"ImageObject\",\"inLanguage\":\"pt-BR\",\"@id\":\"https:\\\/\\\/consultingreal.com\\\/#\\\/schema\\\/logo\\\/image\\\/\",\"url\":\"https:\\\/\\\/consultingreal.com\\\/wp-content\\\/uploads\\\/2019\\\/04\\\/cropped-WhatsApp-Image-2019-04-22-at-12.56.41.jpeg\",\"contentUrl\":\"https:\\\/\\\/consultingreal.com\\\/wp-content\\\/uploads\\\/2019\\\/04\\\/cropped-WhatsApp-Image-2019-04-22-at-12.56.41.jpeg\",\"width\":300,\"height\":90,\"caption\":\"Consulting Real\"},\"image\":{\"@id\":\"https:\\\/\\\/consultingreal.com\\\/#\\\/schema\\\/logo\\\/image\\\/\"}}]}<\/script>\n<!-- \/ Yoast SEO plugin. -->","yoast_head_json":{"title":"Comment Policy - Consulting Real","robots":{"index":"index","follow":"follow","max-snippet":"max-snippet:-1","max-image-preview":"max-image-preview:large","max-video-preview":"max-video-preview:-1"},"canonical":"https:\/\/consultingreal.com\/pt\/comment-policy\/","og_locale":"pt_BR","og_type":"article","og_title":"Comment Policy - Consulting Real","og_description":"The website Consulting Real has a data agenda and a discussion on the topics that are often published on the","og_url":"https:\/\/consultingreal.com\/pt\/comment-policy\/","og_site_name":"Consulting Real","article_modified_time":"2020-02-02T04:53:47+00:00","twitter_card":"summary_large_image","twitter_misc":{"Est. tempo de leitura":"1 minuto"},"schema":{"@context":"https:\/\/schema.org","@graph":[{"@type":"WebPage","@id":"https:\/\/consultingreal.com\/comment-policy\/","url":"https:\/\/consultingreal.com\/comment-policy\/","name":"Comment Policy - Consulting Real","isPartOf":{"@id":"https:\/\/consultingreal.com\/#website"},"datePublished":"2019-04-15T16:51:41+00:00","dateModified":"2020-02-02T04:53:47+00:00","breadcrumb":{"@id":"https:\/\/consultingreal.com\/comment-policy\/#breadcrumb"},"inLanguage":"pt-BR","potentialAction":[{"@type":"ReadAction","target":["https:\/\/consultingreal.com\/comment-policy\/"]}]},{"@type":"BreadcrumbList","@id":"https:\/\/consultingreal.com\/comment-policy\/#breadcrumb","itemListElement":[{"@type":"ListItem","position":1,"name":"Home","item":"https:\/\/consultingreal.com\/"},{"@type":"ListItem","position":2,"name":"Comment Policy"}]},{"@type":"WebSite","@id":"https:\/\/consultingreal.com\/#website","url":"https:\/\/consultingreal.com\/","name":"Consultoria Real","description":"Consultoria Real","publisher":{"@id":"https:\/\/consultingreal.com\/#organization"},"potentialAction":[{"@type":"SearchAction","target":{"@type":"EntryPoint","urlTemplate":"https:\/\/consultingreal.com\/?s={search_term_string}"},"query-input":{"@type":"PropertyValueSpecification","valueRequired":true,"valueName":"search_term_string"}}],"inLanguage":"pt-BR"},{"@type":"Organization","@id":"https:\/\/consultingreal.com\/#organization","name":"Consultoria Real","url":"https:\/\/consultingreal.com\/","logo":{"@type":"ImageObject","inLanguage":"pt-BR","@id":"https:\/\/consultingreal.com\/#\/schema\/logo\/image\/","url":"https:\/\/consultingreal.com\/wp-content\/uploads\/2019\/04\/cropped-WhatsApp-Image-2019-04-22-at-12.56.41.jpeg","contentUrl":"https:\/\/consultingreal.com\/wp-content\/uploads\/2019\/04\/cropped-WhatsApp-Image-2019-04-22-at-12.56.41.jpeg","width":300,"height":90,"caption":"Consulting Real"},"image":{"@id":"https:\/\/consultingreal.com\/#\/schema\/logo\/image\/"}}]}},"_links":{"self":[{"href":"https:\/\/consultingreal.com\/pt\/wp-json\/wp\/v2\/pages\/515","targetHints":{"allow":["GET"]}}],"collection":[{"href":"https:\/\/consultingreal.com\/pt\/wp-json\/wp\/v2\/pages"}],"about":[{"href":"https:\/\/consultingreal.com\/pt\/wp-json\/wp\/v2\/types\/page"}],"author":[{"embeddable":true,"href":"https:\/\/consultingreal.com\/pt\/wp-json\/wp\/v2\/users\/1"}],"replies":[{"embeddable":true,"href":"https:\/\/consultingreal.com\/pt\/wp-json\/wp\/v2\/comments?post=515"}],"version-history":[{"count":1,"href":"https:\/\/consultingreal.com\/pt\/wp-json\/wp\/v2\/pages\/515\/revisions"}],"predecessor-version":[{"id":517,"href":"https:\/\/consultingreal.com\/pt\/wp-json\/wp\/v2\/pages\/515\/revisions\/517"}],"wp:attachment":[{"href":"https:\/\/consultingreal.com\/pt\/wp-json\/wp\/v2\/media?parent=515"}],"curies":[{"name":"wp","href":"https:\/\/api.w.org\/{rel}","templated":true}]}}